{"id":1077,"date":"2025-01-30T12:16:57","date_gmt":"2025-01-30T11:16:57","guid":{"rendered":"https:\/\/www.iseum.it\/?page_id=1077"},"modified":"2025-02-27T13:34:20","modified_gmt":"2025-02-27T12:34:20","slug":"divinita","status":"publish","type":"page","link":"https:\/\/www.iseum.it\/en\/divinita\/","title":{"rendered":"Divinity"},"content":{"rendered":"\t\t<div data-elementor-type=\"wp-page\" data-elementor-id=\"1077\" class=\"elementor elementor-1077\" data-elementor-post-type=\"page\">\n\t\t\t\t<div class=\"elementor-element elementor-element-320f741 e-con-full e-flex e-con e-parent\" data-id=\"320f741\" data-element_type=\"container\" data-e-type=\"container\" data-settings=\"{&quot;background_background&quot;:&quot;slideshow&quot;,&quot;background_slideshow_gallery&quot;:[],&quot;background_slideshow_loop&quot;:&quot;yes&quot;,&quot;background_slideshow_slide_duration&quot;:5000,&quot;background_slideshow_slide_transition&quot;:&quot;fade&quot;,&quot;background_slideshow_transition_duration&quot;:500}\">\n\t\t\t\t<div class=\"elementor-element elementor-element-a98344a elementor-widget elementor-widget-spacer\" data-id=\"a98344a\" data-element_type=\"widget\" data-e-type=\"widget\" data-widget_type=\"spacer.default\">\n\t\t\t\t<div class=\"elementor-widget-container\">\n\t\t\t\t\t\t\t<div class=\"elementor-spacer\">\n\t\t\t<div class=\"elementor-spacer-inner\"><\/div>\n\t\t<\/div>\n\t\t\t\t\t\t<\/div>\n\t\t\t\t<\/div>\n\t\t\t\t<\/div>\n\t\t<div class=\"elementor-element elementor-element-6afc75ce e-con-full e-flex e-con e-parent\" data-id=\"6afc75ce\" data-element_type=\"container\" data-e-type=\"container\" data-settings=\"{&quot;background_background&quot;:&quot;classic&quot;}\">\n\t\t<div class=\"elementor-element elementor-element-453a8747 e-con-full e-flex e-con e-child\" data-id=\"453a8747\" data-element_type=\"container\" data-e-type=\"container\">\n\t\t\t\t<div class=\"elementor-element elementor-element-2df4fe0c animated-slow elementor-invisible elementor-widget elementor-widget-heading\" data-id=\"2df4fe0c\" data-element_type=\"widget\" data-e-type=\"widget\" data-settings=\"{&quot;_animation&quot;:&quot;fadeInRight&quot;}\" data-widget_type=\"heading.default\">\n\t\t\t\t<div class=\"elementor-widget-container\">\n\t\t\t\t\t<h1 class=\"elementor-heading-title elementor-size-default\">DIVINIT\u00c0\n<\/h1>\t\t\t\t<\/div>\n\t\t\t\t<\/div>\n\t\t\t\t<div class=\"elementor-element elementor-element-1c454d82 elementor-widget elementor-widget-spacer\" data-id=\"1c454d82\" data-element_type=\"widget\" data-e-type=\"widget\" data-widget_type=\"spacer.default\">\n\t\t\t\t<div class=\"elementor-widget-container\">\n\t\t\t\t\t\t\t<div class=\"elementor-spacer\">\n\t\t\t<div class=\"elementor-spacer-inner\"><\/div>\n\t\t<\/div>\n\t\t\t\t\t\t<\/div>\n\t\t\t\t<\/div>\n\t\t\t\t<div class=\"elementor-element elementor-element-81a18bd animated-slow elementor-invisible elementor-widget elementor-widget-heading\" data-id=\"81a18bd\" data-element_type=\"widget\" data-e-type=\"widget\" data-settings=\"{&quot;_animation&quot;:&quot;fadeInRight&quot;}\" data-widget_type=\"heading.default\">\n\t\t\t\t<div class=\"elementor-widget-container\">\n\t\t\t\t\t<h2 class=\"elementor-heading-title elementor-size-default\">Il culto<\/h2>\t\t\t\t<\/div>\n\t\t\t\t<\/div>\n\t\t\t\t<div class=\"elementor-element elementor-element-70d02322 elementor-widget elementor-widget-text-editor\" data-id=\"70d02322\" data-element_type=\"widget\" data-e-type=\"widget\" data-widget_type=\"text-editor.default\">\n\t\t\t\t<div class=\"elementor-widget-container\">\n\t\t\t\t\t\t\t\t\t<p><em>&#8220;O Santissima! Tu che vegli senza interruzione sulla salute del genere umano, sempre prodiga verso i mortali a cui porgi aiuto, tu offri ai miseri in travaglio il dolce affetto di una madre.<br \/>Non vi \u00e8 giorno, n\u00e9 notte n\u00e9 attimo che tu lasci trascorrere senza colmare gli uomini dei tuoi benefici, senza tener lontano da loro le burrasche della vita, senza tendere loro la mano misericordiosa che dipana i nodi pi\u00f9 inestricabili della fatalit\u00e0, calmi le tempeste del destino e domini il corso avverso degli astri. [\u2026]\u201d (Apuleio, Metam. XI, 25).<\/em><br \/><br \/><\/p>\t\t\t\t\t\t\t\t<\/div>\n\t\t\t\t<\/div>\n\t\t\t\t<div class=\"elementor-element elementor-element-70b9aec elementor-widget elementor-widget-text-editor\" data-id=\"70b9aec\" data-element_type=\"widget\" data-e-type=\"widget\" data-widget_type=\"text-editor.default\">\n\t\t\t\t<div class=\"elementor-widget-container\">\n\t\t\t\t\t\t\t\t\t<p>Questo inno celebra <strong>Iside<\/strong> come una divinit\u00e0 benevola e onnipotente, custode dell\u2019umanit\u00e0, capace di influenzare il destino e gli elementi naturali.<\/p><p>\u00c8 descritta come madre misericordiosa, sempre pronta ad aiutare i mortali, dominatrice del cosmo, rispettata sia dagli d\u00e8i celesti che infernali.<\/p><p>Il culto di Iside si diffuse ampiamente, assumendo nuove forme sotto i Tolomei: la tradizionale triade egizia <strong>Osiride-Iside-Horus<\/strong> venne sostituita da <strong>Serapide-Iside-Arpocrate. <\/strong><\/p><p>Inoltre, i Tolomei integrarono nel culto isiaco elementi dei misteri di Eleusi, che in origine non esistevano in Egitto.<\/p><p>A Roma, il culto delle divinit\u00e0 egizie si radic\u00f2 profondamente, includendo <strong>Iside, Serapide, Osiride, Arpocrate (Horus il Giovane), Anubi e Bes. <\/strong><\/p><p>L\u2019analisi delle caratteristiche di queste divinit\u00e0 inizia proprio dalla figura di Iside, la pi\u00f9 venerata.<\/p>\t\t\t\t\t\t\t\t<\/div>\n\t\t\t\t<\/div>\n\t\t\t\t<\/div>\n\t\t<div class=\"elementor-element elementor-element-50dcf4f2 e-con-full e-flex e-con e-child\" data-id=\"50dcf4f2\" data-element_type=\"container\" data-e-type=\"container\" data-settings=\"{&quot;background_background&quot;:&quot;classic&quot;}\">\n\t\t\t\t<\/div>\n\t\t\t\t<\/div>\n\t\t<div class=\"elementor-element elementor-element-745e794b e-con-full e-flex e-con e-parent\" data-id=\"745e794b\" data-element_type=\"container\" data-e-type=\"container\" data-settings=\"{&quot;background_background&quot;:&quot;slideshow&quot;,&quot;background_slideshow_gallery&quot;:[],&quot;background_slideshow_loop&quot;:&quot;yes&quot;,&quot;background_slideshow_slide_duration&quot;:5000,&quot;background_slideshow_slide_transition&quot;:&quot;fade&quot;,&quot;background_slideshow_transition_duration&quot;:500}\">\n\t\t\t\t<div class=\"elementor-element elementor-element-bbeccd5 elementor-icon-list--layout-traditional elementor-list-item-link-full_width elementor-widget elementor-widget-icon-list\" data-id=\"bbeccd5\" data-element_type=\"widget\" data-e-type=\"widget\" data-widget_type=\"icon-list.default\">\n\t\t\t\t<div class=\"elementor-widget-container\">\n\t\t\t\t\t\t\t<ul class=\"elementor-icon-list-items\">\n\t\t\t\t\t\t\t<li class=\"elementor-icon-list-item\">\n\t\t\t\t\t\t\t\t\t\t\t<a href=\"https:\/\/www.iseum.it\/religione\/iside\/\">\n\n\t\t\t\t\t\t\t\t\t\t\t\t<span class=\"elementor-icon-list-icon\">\n\t\t\t\t\t\t\t<svg aria-hidden=\"true\" class=\"e-font-icon-svg e-fas-arrow-right\" viewBox=\"0 0 448 512\" xmlns=\"http:\/\/www.w3.org\/2000\/svg\"><path d=\"M190.5 66.9l22.2-22.2c9.4-9.4 24.6-9.4 33.9 0L441 239c9.4 9.4 9.4 24.6 0 33.9L246.6 467.3c-9.4 9.4-24.6 9.4-33.9 0l-22.2-22.2c-9.5-9.5-9.3-25 .4-34.3L311.4 296H24c-13.3 0-24-10.7-24-24v-32c0-13.3 10.7-24 24-24h287.4L190.9 101.2c-9.8-9.3-10-24.8-.4-34.3z\"><\/path><\/svg>\t\t\t\t\t\t<\/span>\n\t\t\t\t\t\t\t\t\t\t<span class=\"elementor-icon-list-text\">Iside<\/span>\n\t\t\t\t\t\t\t\t\t\t\t<\/a>\n\t\t\t\t\t\t\t\t\t<\/li>\n\t\t\t\t\t\t\t\t<li class=\"elementor-icon-list-item\">\n\t\t\t\t\t\t\t\t\t\t\t<a href=\"https:\/\/www.iseum.it\/religione\/osiride-serapide-dioniso\/\">\n\n\t\t\t\t\t\t\t\t\t\t\t\t<span class=\"elementor-icon-list-icon\">\n\t\t\t\t\t\t\t<svg aria-hidden=\"true\" class=\"e-font-icon-svg e-fas-arrow-right\" viewBox=\"0 0 448 512\" xmlns=\"http:\/\/www.w3.org\/2000\/svg\"><path d=\"M190.5 66.9l22.2-22.2c9.4-9.4 24.6-9.4 33.9 0L441 239c9.4 9.4 9.4 24.6 0 33.9L246.6 467.3c-9.4 9.4-24.6 9.4-33.9 0l-22.2-22.2c-9.5-9.5-9.3-25 .4-34.3L311.4 296H24c-13.3 0-24-10.7-24-24v-32c0-13.3 10.7-24 24-24h287.4L190.9 101.2c-9.8-9.3-10-24.8-.4-34.3z\"><\/path><\/svg>\t\t\t\t\t\t<\/span>\n\t\t\t\t\t\t\t\t\t\t<span class=\"elementor-icon-list-text\">Osiride, Serapide e Dioniso<\/span>\n\t\t\t\t\t\t\t\t\t\t\t<\/a>\n\t\t\t\t\t\t\t\t\t<\/li>\n\t\t\t\t\t\t\t\t<li class=\"elementor-icon-list-item\">\n\t\t\t\t\t\t\t\t\t\t\t<a href=\"https:\/\/www.iseum.it\/religione\/arpocrate\/\">\n\n\t\t\t\t\t\t\t\t\t\t\t\t<span class=\"elementor-icon-list-icon\">\n\t\t\t\t\t\t\t<svg aria-hidden=\"true\" class=\"e-font-icon-svg e-fas-arrow-right\" viewBox=\"0 0 448 512\" xmlns=\"http:\/\/www.w3.org\/2000\/svg\"><path d=\"M190.5 66.9l22.2-22.2c9.4-9.4 24.6-9.4 33.9 0L441 239c9.4 9.4 9.4 24.6 0 33.9L246.6 467.3c-9.4 9.4-24.6 9.4-33.9 0l-22.2-22.2c-9.5-9.5-9.3-25 .4-34.3L311.4 296H24c-13.3 0-24-10.7-24-24v-32c0-13.3 10.7-24 24-24h287.4L190.9 101.2c-9.8-9.3-10-24.8-.4-34.3z\"><\/path><\/svg>\t\t\t\t\t\t<\/span>\n\t\t\t\t\t\t\t\t\t\t<span class=\"elementor-icon-list-text\">Arpocrate<\/span>\n\t\t\t\t\t\t\t\t\t\t\t<\/a>\n\t\t\t\t\t\t\t\t\t<\/li>\n\t\t\t\t\t\t<\/ul>\n\t\t\t\t\t\t<\/div>\n\t\t\t\t<\/div>\n\t\t\t\t<div class=\"elementor-element elementor-element-accd5a0 elementor-widget elementor-widget-spacer\" data-id=\"accd5a0\" data-element_type=\"widget\" data-e-type=\"widget\" data-widget_type=\"spacer.default\">\n\t\t\t\t<div class=\"elementor-widget-container\">\n\t\t\t\t\t\t\t<div class=\"elementor-spacer\">\n\t\t\t<div class=\"elementor-spacer-inner\"><\/div>\n\t\t<\/div>\n\t\t\t\t\t\t<\/div>\n\t\t\t\t<\/div>\n\t\t\t\t<\/div>\n\t\t\t\t<\/div>\n\t\t","protected":false},"excerpt":{"rendered":"<p>DIVINIT\u00c0 Il culto &#8220;O Santissima! Tu che vegli senza interruzione sulla salute del genere umano, sempre prodiga verso i mortali [&hellip;]<\/p>\n","protected":false},"author":1,"featured_media":0,"parent":0,"menu_order":0,"comment_status":"closed","ping_status":"closed","template":"","meta":{"_acf_changed":false,"site-sidebar-layout":"no-sidebar","site-content-layout":"","ast-site-content-layout":"full-width-container","site-content-style":"default","site-sidebar-style":"default","ast-global-header-display":"","ast-banner-title-visibility":"","ast-main-header-display":"","ast-hfb-above-header-display":"","ast-hfb-below-header-display":"","ast-hfb-mobile-header-display":"","site-post-title":"disabled","ast-breadcrumbs-content":"","ast-featured-img":"disabled","footer-sml-layout":"","theme-transparent-header-meta":"","adv-header-id-meta":"","stick-header-meta":"","header-above-stick-meta":"","header-main-stick-meta":"","header-below-stick-meta":"","astra-migrate-meta-layouts":"default","ast-page-background-enabled":"default","ast-page-background-meta":{"desktop":{"background-color":"var(--ast-global-color-4)","background-image":"","background-repeat":"repeat","background-position":"center center","background-size":"auto","background-attachment":"scroll","background-type":"","background-media":"","overlay-type":"","overlay-color":"","overlay-opacity":"","overlay-gradient":""},"tablet":{"background-color":"","background-image":"","background-repeat":"repeat","background-position":"center center","background-size":"auto","background-attachment":"scroll","background-type":"","background-media":"","overlay-type":"","overlay-color":"","overlay-opacity":"","overlay-gradient":""},"mobile":{"background-color":"","background-image":"","background-repeat":"repeat","background-position":"center center","background-size":"auto","background-attachment":"scroll","background-type":"","background-media":"","overlay-type":"","overlay-color":"","overlay-opacity":"","overlay-gradient":""}},"ast-content-background-meta":{"desktop":{"background-color":"var(--ast-global-color-5)","background-image":"","background-repeat":"repeat","background-position":"center center","background-size":"auto","background-attachment":"scroll","background-type":"","background-media":"","overlay-type":"","overlay-color":"","overlay-opacity":"","overlay-gradient":""},"tablet":{"background-color":"var(--ast-global-color-5)","background-image":"","background-repeat":"repeat","background-position":"center center","background-size":"auto","background-attachment":"scroll","background-type":"","background-media":"","overlay-type":"","overlay-color":"","overlay-opacity":"","overlay-gradient":""},"mobile":{"background-color":"var(--ast-global-color-5)","background-image":"","background-repeat":"repeat","background-position":"center center","background-size":"auto","background-attachment":"scroll","background-type":"","background-media":"","overlay-type":"","overlay-color":"","overlay-opacity":"","overlay-gradient":""}},"footnotes":""},"class_list":["post-1077","page","type-page","status-publish","hentry"],"acf":[],"yoast_head":"<!-- This site is optimized with the Yoast SEO plugin v27.4 - https:\/\/yoast.com\/product\/yoast-seo-wordpress\/ -->\n<title>Divinit\u00e0 - Iseum Tempio di Iside e Serapide in Campo Marzio<\/title>\n<meta name=\"robots\" content=\"index, follow, max-snippet:-1, max-image-preview:large, max-video-preview:-1\" \/>\n<link rel=\"canonical\" href=\"https:\/\/www.iseum.it\/en\/divinita\/\" \/>\n<meta property=\"og:locale\" content=\"en_GB\" \/>\n<meta property=\"og:type\" content=\"article\" \/>\n<meta property=\"og:title\" content=\"Divinit\u00e0 - Iseum Tempio di Iside e Serapide in Campo Marzio\" \/>\n<meta property=\"og:description\" content=\"DIVINIT\u00c0 Il culto &#8220;O Santissima! Tu che vegli senza interruzione sulla salute del genere umano, sempre prodiga verso i mortali [&hellip;]\" \/>\n<meta property=\"og:url\" content=\"https:\/\/www.iseum.it\/en\/divinita\/\" \/>\n<meta property=\"og:site_name\" content=\"Iseum Tempio di Iside e Serapide in Campo Marzio\" \/>\n<meta property=\"article:modified_time\" content=\"2025-02-27T12:34:20+00:00\" \/>\n<meta name=\"twitter:card\" content=\"summary_large_image\" \/>\n<meta name=\"twitter:label1\" content=\"Estimated reading time\" \/>\n\t<meta name=\"twitter:data1\" content=\"2 minutes\" \/>\n<script type=\"application\/ld+json\" class=\"yoast-schema-graph\">{\"@context\":\"https:\\\/\\\/schema.org\",\"@graph\":[{\"@type\":\"WebPage\",\"@id\":\"https:\\\/\\\/www.iseum.it\\\/divinita\\\/\",\"url\":\"https:\\\/\\\/www.iseum.it\\\/divinita\\\/\",\"name\":\"Divinit\u00e0 - Iseum Tempio di Iside e Serapide in Campo Marzio\",\"isPartOf\":{\"@id\":\"https:\\\/\\\/www.iseum.it\\\/#website\"},\"datePublished\":\"2025-01-30T11:16:57+00:00\",\"dateModified\":\"2025-02-27T12:34:20+00:00\",\"breadcrumb\":{\"@id\":\"https:\\\/\\\/www.iseum.it\\\/divinita\\\/#breadcrumb\"},\"inLanguage\":\"en-GB\",\"potentialAction\":[{\"@type\":\"ReadAction\",\"target\":[\"https:\\\/\\\/www.iseum.it\\\/divinita\\\/\"]}]},{\"@type\":\"BreadcrumbList\",\"@id\":\"https:\\\/\\\/www.iseum.it\\\/divinita\\\/#breadcrumb\",\"itemListElement\":[{\"@type\":\"ListItem\",\"position\":1,\"name\":\"Home\",\"item\":\"https:\\\/\\\/www.iseum.it\\\/\"},{\"@type\":\"ListItem\",\"position\":2,\"name\":\"Divinit\u00e0\"}]},{\"@type\":\"WebSite\",\"@id\":\"https:\\\/\\\/www.iseum.it\\\/#website\",\"url\":\"https:\\\/\\\/www.iseum.it\\\/\",\"name\":\"Iseum Museo del Tempio di Iside\",\"description\":\"Spazio Eventi Iseum nel Tempio di Iside e Serapide in Campo Marzio\",\"publisher\":{\"@id\":\"https:\\\/\\\/www.iseum.it\\\/#organization\"},\"potentialAction\":[{\"@type\":\"SearchAction\",\"target\":{\"@type\":\"EntryPoint\",\"urlTemplate\":\"https:\\\/\\\/www.iseum.it\\\/?s={search_term_string}\"},\"query-input\":{\"@type\":\"PropertyValueSpecification\",\"valueRequired\":true,\"valueName\":\"search_term_string\"}}],\"inLanguage\":\"en-GB\"},{\"@type\":\"Organization\",\"@id\":\"https:\\\/\\\/www.iseum.it\\\/#organization\",\"name\":\"Iseum Museo del Tempio di Iside\",\"url\":\"https:\\\/\\\/www.iseum.it\\\/\",\"logo\":{\"@type\":\"ImageObject\",\"inLanguage\":\"en-GB\",\"@id\":\"https:\\\/\\\/www.iseum.it\\\/#\\\/schema\\\/logo\\\/image\\\/\",\"url\":\"https:\\\/\\\/www.iseum.it\\\/wp-content\\\/uploads\\\/2024\\\/06\\\/2025logo-scaled.png\",\"contentUrl\":\"https:\\\/\\\/www.iseum.it\\\/wp-content\\\/uploads\\\/2024\\\/06\\\/2025logo-scaled.png\",\"width\":2560,\"height\":595,\"caption\":\"Iseum Museo del Tempio di Iside\"},\"image\":{\"@id\":\"https:\\\/\\\/www.iseum.it\\\/#\\\/schema\\\/logo\\\/image\\\/\"},\"sameAs\":[\"https:\\\/\\\/www.instagram.com\\\/iseum_museodiiside\\\/\",\"https:\\\/\\\/www.linkedin.com\\\/company\\\/iseum-tempio-di-iside\\\/\"]}]}<\/script>\n<!-- \/ Yoast SEO plugin. -->","yoast_head_json":{"title":"Divinit\u00e0 - Iseum Tempio di Iside e Serapide in Campo Marzio","robots":{"index":"index","follow":"follow","max-snippet":"max-snippet:-1","max-image-preview":"max-image-preview:large","max-video-preview":"max-video-preview:-1"},"canonical":"https:\/\/www.iseum.it\/en\/divinita\/","og_locale":"en_GB","og_type":"article","og_title":"Divinit\u00e0 - Iseum Tempio di Iside e Serapide in Campo Marzio","og_description":"DIVINIT\u00c0 Il culto &#8220;O Santissima! Tu che vegli senza interruzione sulla salute del genere umano, sempre prodiga verso i mortali [&hellip;]","og_url":"https:\/\/www.iseum.it\/en\/divinita\/","og_site_name":"Iseum Tempio di Iside e Serapide in Campo Marzio","article_modified_time":"2025-02-27T12:34:20+00:00","twitter_card":"summary_large_image","twitter_misc":{"Estimated reading time":"2 minutes"},"schema":{"@context":"https:\/\/schema.org","@graph":[{"@type":"WebPage","@id":"https:\/\/www.iseum.it\/divinita\/","url":"https:\/\/www.iseum.it\/divinita\/","name":"Divinit\u00e0 - Iseum Tempio di Iside e Serapide in Campo Marzio","isPartOf":{"@id":"https:\/\/www.iseum.it\/#website"},"datePublished":"2025-01-30T11:16:57+00:00","dateModified":"2025-02-27T12:34:20+00:00","breadcrumb":{"@id":"https:\/\/www.iseum.it\/divinita\/#breadcrumb"},"inLanguage":"en-GB","potentialAction":[{"@type":"ReadAction","target":["https:\/\/www.iseum.it\/divinita\/"]}]},{"@type":"BreadcrumbList","@id":"https:\/\/www.iseum.it\/divinita\/#breadcrumb","itemListElement":[{"@type":"ListItem","position":1,"name":"Home","item":"https:\/\/www.iseum.it\/"},{"@type":"ListItem","position":2,"name":"Divinit\u00e0"}]},{"@type":"WebSite","@id":"https:\/\/www.iseum.it\/#website","url":"https:\/\/www.iseum.it\/","name":"Iseum Museo del Tempio di Iside","description":"Spazio Eventi Iseum nel Tempio di Iside e Serapide in Campo Marzio","publisher":{"@id":"https:\/\/www.iseum.it\/#organization"},"potentialAction":[{"@type":"SearchAction","target":{"@type":"EntryPoint","urlTemplate":"https:\/\/www.iseum.it\/?s={search_term_string}"},"query-input":{"@type":"PropertyValueSpecification","valueRequired":true,"valueName":"search_term_string"}}],"inLanguage":"en-GB"},{"@type":"Organization","@id":"https:\/\/www.iseum.it\/#organization","name":"Iseum Museo del Tempio di Iside","url":"https:\/\/www.iseum.it\/","logo":{"@type":"ImageObject","inLanguage":"en-GB","@id":"https:\/\/www.iseum.it\/#\/schema\/logo\/image\/","url":"https:\/\/www.iseum.it\/wp-content\/uploads\/2024\/06\/2025logo-scaled.png","contentUrl":"https:\/\/www.iseum.it\/wp-content\/uploads\/2024\/06\/2025logo-scaled.png","width":2560,"height":595,"caption":"Iseum Museo del Tempio di Iside"},"image":{"@id":"https:\/\/www.iseum.it\/#\/schema\/logo\/image\/"},"sameAs":["https:\/\/www.instagram.com\/iseum_museodiiside\/","https:\/\/www.linkedin.com\/company\/iseum-tempio-di-iside\/"]}]}},"_links":{"self":[{"href":"https:\/\/www.iseum.it\/en\/wp-json\/wp\/v2\/pages\/1077","targetHints":{"allow":["GET"]}}],"collection":[{"href":"https:\/\/www.iseum.it\/en\/wp-json\/wp\/v2\/pages"}],"about":[{"href":"https:\/\/www.iseum.it\/en\/wp-json\/wp\/v2\/types\/page"}],"author":[{"embeddable":true,"href":"https:\/\/www.iseum.it\/en\/wp-json\/wp\/v2\/users\/1"}],"replies":[{"embeddable":true,"href":"https:\/\/www.iseum.it\/en\/wp-json\/wp\/v2\/comments?post=1077"}],"version-history":[{"count":56,"href":"https:\/\/www.iseum.it\/en\/wp-json\/wp\/v2\/pages\/1077\/revisions"}],"predecessor-version":[{"id":2049,"href":"https:\/\/www.iseum.it\/en\/wp-json\/wp\/v2\/pages\/1077\/revisions\/2049"}],"wp:attachment":[{"href":"https:\/\/www.iseum.it\/en\/wp-json\/wp\/v2\/media?parent=1077"}],"curies":[{"name":"wp","href":"https:\/\/api.w.org\/{rel}","templated":true}]}}